{"id":68,"date":"2020-03-28T17:11:34","date_gmt":"2020-03-28T16:11:34","guid":{"rendered":"http:\/\/mtc-fleurdeprunier.ch\/?page_id=68"},"modified":"2020-04-20T14:23:29","modified_gmt":"2020-04-20T12:23:29","slug":"soins-pour-bebes-et-enfants-dapres-la-pediatrie-sino-japonaise-shonishin-et-tuina-pediatrique","status":"publish","type":"page","link":"https:\/\/mtc-fleurdeprunier.ch\/index.php\/prestations-de-soins\/soins-pour-bebes-et-enfants-dapres-la-pediatrie-sino-japonaise-shonishin-et-tuina-pediatrique\/","title":{"rendered":"Soins pour b\u00e9b\u00e9s et enfants d&rsquo;apr\u00e8s la p\u00e9diatrie Sino-japonaise\u00ae (Shonishin et tuina p\u00e9diatrique)"},"content":{"rendered":"","protected":false},"excerpt":{"rendered":"","protected":false},"author":1,"featured_media":0,"parent":31,"menu_order":0,"comment_status":"closed","ping_status":"closed","template":"","meta":{"_monsterinsights_skip_tracking":false,"_monsterinsights_sitenote_active":false,"_monsterinsights_sitenote_note":"","_monsterinsights_sitenote_category":0,"spay_email":""},"_links":{"self":[{"href":"https:\/\/mtc-fleurdeprunier.ch\/index.php\/wp-json\/wp\/v2\/pages\/68"}],"collection":[{"href":"https:\/\/mtc-fleurdeprunier.ch\/index.php\/wp-json\/wp\/v2\/pages"}],"about":[{"href":"https:\/\/mtc-fleurdeprunier.ch\/index.php\/wp-json\/wp\/v2\/types\/page"}],"author":[{"embeddable":true,"href":"https:\/\/mtc-fleurdeprunier.ch\/index.php\/wp-json\/wp\/v2\/users\/1"}],"replies":[{"embeddable":true,"href":"https:\/\/mtc-fleurdeprunier.ch\/index.php\/wp-json\/wp\/v2\/comments?post=68"}],"version-history":[{"count":4,"href":"https:\/\/mtc-fleurdeprunier.ch\/index.php\/wp-json\/wp\/v2\/pages\/68\/revisions"}],"predecessor-version":[{"id":504,"href":"https:\/\/mtc-fleurdeprunier.ch\/index.php\/wp-json\/wp\/v2\/pages\/68\/revisions\/504"}],"up":[{"embeddable":true,"href":"https:\/\/mtc-fleurdeprunier.ch\/index.php\/wp-json\/wp\/v2\/pages\/31"}],"wp:attachment":[{"href":"https:\/\/mtc-fleurdeprunier.ch\/index.php\/wp-json\/wp\/v2\/media?parent=68"}],"curies":[{"name":"wp","href":"https:\/\/api.w.org\/{rel}","templated":true}]}}